{"id":3800,"date":"2021-11-15T22:46:27","date_gmt":"2021-11-15T22:46:27","guid":{"rendered":"https:\/\/pruebas.rhdiseno.es\/?page_id=3800"},"modified":"2022-01-19T09:45:48","modified_gmt":"2022-01-19T09:45:48","slug":"servicios-2","status":"publish","type":"page","link":"https:\/\/www.jimenezgodoy.com\/fr\/servicios-2\/","title":{"rendered":"Service"},"content":{"rendered":"\n<div class=\"wp-block-rayden-gutenberg-container text-align-center row_padding_bottom\" style=\"background-color:transparent;text-align:left\">\n<h3 class=\"has-text-align-center has-mask font_family_caption has-black-color has-text-color wp-block-heading\">Nous proposons des solutions compl\u00e8tes en impression pr\u00e9presse et offset ainsi que le syst\u00e8me flexo avec la possibilit\u00e9 d&#8217;imprimer en quadrichromie, hexachromie, heptachromie et pantones avec tous les types de finition.<\/h3>\n\n\n\n<div style=\"height:40px\" aria-hidden=\"true\" class=\"wp-block-spacer\"><\/div>\n\n\n\n<div class=\"wp-block-columns is-layout-flex wp-container-core-columns-is-layout-9d6595d7 wp-block-columns-is-layout-flex\">\n<div class=\"wp-block-column is-layout-flow wp-block-column-is-layout-flow\" style=\"flex-basis:66.66%\">\n<p class=\"has-animation has-black-color has-text-color\">\u00c0 travers nos diff\u00e9rents secteurs d&#8217;activit\u00e9, nous fournissons des services aux industries de l&#8217;alimentation, de la mode, des cosm\u00e9tiques, de la pharmacie, de la publicit\u00e9 et du marketing, du commerce de gros et de d\u00e9tail, de l&#8217;ameublement, de la d\u00e9coration et de la construction.<\/p>\n<\/div>\n\n\n\n<div class=\"wp-block-column is-layout-flow wp-block-column-is-layout-flow\" style=\"flex-basis:33.33%\"><\/div>\n<\/div>\n\n\n\n<div style=\"height:58px\" aria-hidden=\"true\" class=\"wp-block-spacer\"><\/div>\n\n\n\n<div class=\"wp-block-columns are-vertically-aligned-center is-layout-flex wp-container-core-columns-is-layout-9d6595d7 wp-block-columns-is-layout-flex\">\n<div class=\"wp-block-column is-vertically-aligned-center is-layout-flow wp-block-column-is-layout-flow\" style=\"flex-basis:33.33%\">\n<h2 class=\"has-mask wp-block-heading\"><a href=\"https:\/\/www.jimenezgodoy.com\/fr\/servicio\/impresion-etiquetas\/\">Impression d&#8217;\u00e9tiquettes<\/a><\/h2>\n<\/div>\n\n\n\n<div class=\"wp-block-column is-vertically-aligned-center is-layout-flow wp-block-column-is-layout-flow\" style=\"flex-basis:66.66%\">\n<div class=\"wp-block-image has-animation has-scale-vertical\"><figure class=\"aligncenter size-full\"><a href=\"\/fr\/servicio\/impresion-etiquetas\"><img loading=\"lazy\" decoding=\"async\" width=\"1917\" height=\"1278\" src=\"https:\/\/www.jimenezgodoy.com\/fr\/cms\/wp-content\/uploads\/2021\/11\/impresion-digital-1.jpg\" alt=\"\" class=\"wp-image-3931\" title=\"has-animation has-scale-vertical\" srcset=\"https:\/\/www.jimenezgodoy.com\/fr\/cms\/wp-content\/uploads\/2021\/11\/impresion-digital-1.jpg 1917w, https:\/\/www.jimenezgodoy.com\/fr\/cms\/wp-content\/uploads\/2021\/11\/impresion-digital-1-300x200.jpg 300w, https:\/\/www.jimenezgodoy.com\/fr\/cms\/wp-content\/uploads\/2021\/11\/impresion-digital-1-1024x683.jpg 1024w, https:\/\/www.jimenezgodoy.com\/fr\/cms\/wp-content\/uploads\/2021\/11\/impresion-digital-1-768x512.jpg 768w, https:\/\/www.jimenezgodoy.com\/fr\/cms\/wp-content\/uploads\/2021\/11\/impresion-digital-1-1536x1024.jpg 1536w\" sizes=\"auto, (max-width: 1917px) 100vw, 1917px\" \/><\/a><\/figure><\/div>\n<\/div>\n<\/div>\n\n\n\n<div style=\"height:58px\" aria-hidden=\"true\" class=\"wp-block-spacer\"><\/div>\n\n\n\n<div class=\"wp-block-columns are-vertically-aligned-center is-layout-flex wp-container-core-columns-is-layout-9d6595d7 wp-block-columns-is-layout-flex\">\n<div class=\"wp-block-column is-vertically-aligned-center is-layout-flow wp-block-column-is-layout-flow\" style=\"flex-basis:66.66%\">\n<figure class=\"wp-block-image size-full has-animation has-scale-vertical\"><a href=\"\/fr\/servicio\/impresion-comercial\"><img loading=\"lazy\" decoding=\"async\" width=\"1919\" height=\"1280\" src=\"https:\/\/www.jimenezgodoy.com\/fr\/cms\/wp-content\/uploads\/2021\/11\/imprenta.jpg\" alt=\"\" class=\"wp-image-3932\" srcset=\"https:\/\/www.jimenezgodoy.com\/fr\/cms\/wp-content\/uploads\/2021\/11\/imprenta.jpg 1919w, https:\/\/www.jimenezgodoy.com\/fr\/cms\/wp-content\/uploads\/2021\/11\/imprenta-300x200.jpg 300w, https:\/\/www.jimenezgodoy.com\/fr\/cms\/wp-content\/uploads\/2021\/11\/imprenta-1024x683.jpg 1024w, https:\/\/www.jimenezgodoy.com\/fr\/cms\/wp-content\/uploads\/2021\/11\/imprenta-768x512.jpg 768w, https:\/\/www.jimenezgodoy.com\/fr\/cms\/wp-content\/uploads\/2021\/11\/imprenta-1536x1025.jpg 1536w\" sizes=\"auto, (max-width: 1919px) 100vw, 1919px\" \/><\/a><\/figure>\n<\/div>\n\n\n\n<div class=\"wp-block-column is-vertically-aligned-center is-layout-flow wp-block-column-is-layout-flow\" style=\"flex-basis:33.33%\">\n<h2 class=\"has-mask wp-block-heading\"><a href=\"\/fr\/servicio\/impresion-comercial\/\">Impression commerciale et \u00e9ditoriale<\/a><\/h2>\n<\/div>\n<\/div>\n\n\n\n<div style=\"height:58px\" aria-hidden=\"true\" class=\"wp-block-spacer\"><\/div>\n\n\n\n<div class=\"wp-block-columns are-vertically-aligned-center is-layout-flex wp-container-core-columns-is-layout-9d6595d7 wp-block-columns-is-layout-flex\">\n<div class=\"wp-block-column is-vertically-aligned-center is-layout-flow wp-block-column-is-layout-flow\" style=\"flex-basis:33.33%\">\n<h2 class=\"has-mask wp-block-heading\"><a href=\"\/fr\/servicio\/embalaje-flexible\/\">Emballage souple<\/a><\/h2>\n<\/div>\n\n\n\n<div class=\"wp-block-column is-vertically-aligned-center is-layout-flow wp-block-column-is-layout-flow\" style=\"flex-basis:66.66%\">\n<div class=\"wp-block-image has-animation has-scale-vertical\"><figure class=\"aligncenter size-full\"><a href=\"\/es\/servicio\/embalaje-flexible\"><img loading=\"lazy\" decoding=\"async\" width=\"1800\" height=\"1200\" src=\"https:\/\/www.jimenezgodoy.com\/fr\/cms\/wp-content\/uploads\/2021\/11\/empaques.jpg\" alt=\"\" class=\"wp-image-3933\" srcset=\"https:\/\/www.jimenezgodoy.com\/fr\/cms\/wp-content\/uploads\/2021\/11\/empaques.jpg 1800w, https:\/\/www.jimenezgodoy.com\/fr\/cms\/wp-content\/uploads\/2021\/11\/empaques-300x200.jpg 300w, https:\/\/www.jimenezgodoy.com\/fr\/cms\/wp-content\/uploads\/2021\/11\/empaques-1024x683.jpg 1024w, https:\/\/www.jimenezgodoy.com\/fr\/cms\/wp-content\/uploads\/2021\/11\/empaques-768x512.jpg 768w, https:\/\/www.jimenezgodoy.com\/fr\/cms\/wp-content\/uploads\/2021\/11\/empaques-1536x1024.jpg 1536w\" sizes=\"auto, (max-width: 1800px) 100vw, 1800px\" \/><\/a><\/figure><\/div>\n<\/div>\n<\/div>\n\n\n\n<div style=\"height:58px\" aria-hidden=\"true\" class=\"wp-block-spacer\"><\/div>\n\n\n\n<div class=\"wp-block-columns are-vertically-aligned-center is-layout-flex wp-container-core-columns-is-layout-9d6595d7 wp-block-columns-is-layout-flex\">\n<div class=\"wp-block-column is-vertically-aligned-center is-layout-flow wp-block-column-is-layout-flow\" style=\"flex-basis:66.66%\">\n<figure class=\"wp-block-image size-full has-animation has-scale-vertical\"><a href=\"\/es\/servicio\/acabados\"><img loading=\"lazy\" decoding=\"async\" width=\"1048\" height=\"695\" src=\"https:\/\/www.jimenezgodoy.com\/fr\/cms\/wp-content\/uploads\/2021\/11\/Captura-de-pantalla-2021-11-20-a-las-13.17.08.png\" alt=\"\" class=\"wp-image-3934\" srcset=\"https:\/\/www.jimenezgodoy.com\/fr\/cms\/wp-content\/uploads\/2021\/11\/Captura-de-pantalla-2021-11-20-a-las-13.17.08.png 1048w, https:\/\/www.jimenezgodoy.com\/fr\/cms\/wp-content\/uploads\/2021\/11\/Captura-de-pantalla-2021-11-20-a-las-13.17.08-300x199.png 300w, https:\/\/www.jimenezgodoy.com\/fr\/cms\/wp-content\/uploads\/2021\/11\/Captura-de-pantalla-2021-11-20-a-las-13.17.08-1024x679.png 1024w, https:\/\/www.jimenezgodoy.com\/fr\/cms\/wp-content\/uploads\/2021\/11\/Captura-de-pantalla-2021-11-20-a-las-13.17.08-768x509.png 768w\" sizes=\"auto, (max-width: 1048px) 100vw, 1048px\" \/><\/a><\/figure>\n<\/div>\n\n\n\n<div class=\"wp-block-column is-vertically-aligned-center is-layout-flow wp-block-column-is-layout-flow\" style=\"flex-basis:33.33%\">\n<h2 class=\"has-mask wp-block-heading\"><a href=\"\/fr\/servicio\/acabados\/\">Finitions<\/a><\/h2>\n<\/div>\n<\/div>\n<\/div>\n","protected":false},"excerpt":{"rendered":"","protected":false},"author":4,"featured_media":0,"parent":0,"menu_order":0,"comment_status":"closed","ping_status":"closed","template":"","meta":{"_acf_changed":false,"inline_featured_image":false,"footnotes":""},"class_list":["post-3800","page","type-page","status-publish","hentry"],"acf":[],"_links":{"self":[{"href":"https:\/\/www.jimenezgodoy.com\/fr\/wp-json\/wp\/v2\/pages\/3800","targetHints":{"allow":["GET"]}}],"collection":[{"href":"https:\/\/www.jimenezgodoy.com\/fr\/wp-json\/wp\/v2\/pages"}],"about":[{"href":"https:\/\/www.jimenezgodoy.com\/fr\/wp-json\/wp\/v2\/types\/page"}],"author":[{"embeddable":true,"href":"https:\/\/www.jimenezgodoy.com\/fr\/wp-json\/wp\/v2\/users\/4"}],"replies":[{"embeddable":true,"href":"https:\/\/www.jimenezgodoy.com\/fr\/wp-json\/wp\/v2\/comments?post=3800"}],"version-history":[{"count":6,"href":"https:\/\/www.jimenezgodoy.com\/fr\/wp-json\/wp\/v2\/pages\/3800\/revisions"}],"predecessor-version":[{"id":4197,"href":"https:\/\/www.jimenezgodoy.com\/fr\/wp-json\/wp\/v2\/pages\/3800\/revisions\/4197"}],"wp:attachment":[{"href":"https:\/\/www.jimenezgodoy.com\/fr\/wp-json\/wp\/v2\/media?parent=3800"}],"curies":[{"name":"wp","href":"https:\/\/api.w.org\/{rel}","templated":true}]}}