{"id":36,"date":"2021-11-02T16:52:03","date_gmt":"2021-11-02T16:52:03","guid":{"rendered":"https:\/\/pruebas.rhdiseno.es\/?page_id=36"},"modified":"2021-12-13T13:59:48","modified_gmt":"2021-12-13T13:59:48","slug":"politica-de-privacidad","status":"publish","type":"page","link":"https:\/\/www.jimenezgodoy.com\/fr\/politica-de-privacidad\/","title":{"rendered":"Pol\u00edtica de privacidad"},"content":{"rendered":"\n\n\n<p>texto legal<\/p>\n\n\n\n<p>A continuaci\u00f3n, describimos el tratamiento de sus datos personales y los derechos que le asisten con arreglo a la normativa vigente de protecci\u00f3n de datos \u2013Reglamento (UE) 2016\/679 del Parlamento Europeo y del Consejo de 27 de abril de 2016, relativo a la protecci\u00f3n de las personas f\u00edsicas en lo que respecta al tratamiento de datos personales, y Ley Org\u00e1nica 3\/2018, de 5 de diciembre, de Protecci\u00f3n de Datos Personales y garant\u00eda de los derechos digitales, en adelante, la \u201cnormativa aplicable en materia de protecci\u00f3n de datos\u201d.<\/p>\n\n\n\n<p>1. Responsable del tratamiento y datos de contacto.<\/p>\n\n\n\n<p>La entidad responsable del tratamiento de sus datos es Jim\u00e9nez Godoy S.A. con domicilio en Carretera de Alicante, km 3, 30160, Murcia Espa\u00f1a.<\/p>\n\n\n\n<p>En caso de que lo desee, puede contactar con nosotros a trav\u00e9s de correo electr\u00f3nico en la siguiente direcci\u00f3n: jimenezgodoy@jimenezgodoy.com.com<\/p>\n\n\n\n<p>2. \u00bfCon qu\u00e9 finalidad(es) trataremos sus datos y sobre qu\u00e9 base jur\u00eddica?<\/p>\n\n\n\n<p>Sus datos personales se tratan, de conformidad con lo dispuesto en la normativa aplicable en materia de protecci\u00f3n de datos, se tratar\u00e1n sobre la base legal y con las finalidades que a continuaci\u00f3n se\u00f1alamos:<\/p>\n\n\n\n<p>a) Consentimiento del interesado<br>El tratamiento de sus datos personales se realizar\u00e1, siempre y cuando nos haya dado su consentimiento, con la siguiente finalidad:<\/p>\n\n\n\n<p>\u2022 Formulario de contacto. Se tratar\u00e1n sus datos con la finalidad de gestionar las solicitudes de informaci\u00f3n a trav\u00e9s de la web de www.jimenezgodoy.com<\/p>\n\n\n\n<p>Usted podr\u00e1 revocar en cualquier momento su consentimiento. Cabe destacar que la revocaci\u00f3n del consentimiento no tiene car\u00e1cter retroactivo.<\/p>\n\n\n\n<p>b) Dar cumplimiento a una obligaci\u00f3n legal aplicable a el responsable del tratamiento .<br>Sus datos personales se tratan, de conformidad con lo dispuesto en la normativa aplicable en materia de protecci\u00f3n de datos con las siguientes finalidades:<\/p>\n\n\n\n<p>\u2022 Ejercicio de Derechos. Se tratar\u00e1n sus datos para dar respuesta al ejercicio de sus derechos establecidos de acuerdo al Reglamento General de Protecci\u00f3n de Datos siempre y cuando haya realizado alguna solicitud de ejercicio de sus derechos por los canales establecidos.<\/p>\n\n\n\n<p>\u2022 Requerimientos de autoridades p\u00fablicas. Sus datos podr\u00e1n ser tratados para dar respuesta a las posibles solicitudes de informaci\u00f3n que desde Fuerzas y Cuerpos de Seguridad del Estado, Juzgados y Tribunales o cualquier otro organismo p\u00fablico se soliciten a Jim\u00e9nez Godoy S.A. de sus clientes.<\/p>\n\n\n\n<p>En este sentido, en caso de que usted no permita el tratamiento de sus datos personales con dicha finalidad, y puesto que el tratamiento de los mismos es necesario para cumplir con las obligaciones legales aplicables al responsable, no ser\u00e1 posible dar respuesta a su solicitud de derechos.<\/p>\n\n\n\n<p>3. \u00bfQu\u00e9 categor\u00edas de datos trataremos?<\/p>\n\n\n\n<p>Las posibles categor\u00edas de datos que se tratar\u00e1n son:<\/p>\n\n\n\n<p>a) Consentimiento del interesado<br>\u2022 Datos de car\u00e1cter identificativo: Nombre, apellidos e email.<br>\u2022 Potencialmente cualquier tipolog\u00eda de datos que el interesado incluya en su contacto, sugerencia o reclamaci\u00f3n.<\/p>\n\n\n\n<p>b) Dar cumplimiento a una oblig aci\u00f3n legal aplicable al responsable del tratamiento.<br>\u2022 Datos identificativos<br>\u2022 Potencialmente cualquier tipolog\u00eda de datos que el interesado incluya en su solicitud de ejercicio de derechos.<\/p>\n\n\n\n<p>4. \u00bfA qu\u00e9 destinatarios se comunicar\u00e1n sus datos<\/p>\n\n\n\n<p>Para llevar a cabo todas las finalidades anteriormente descritas, Jim\u00e9nez Godoy S.A. cuenta con la colaboraci\u00f3n de terceros proveedores de servicios que pueden tener acceso a los datos personales como consecuencia de la puesta a disposici\u00f3n de sus datos en los formularios de contacto. En cualquier caso, Jim\u00e9nez Godoy S.A. sigue unos criterios estrictos de selecci\u00f3n de dichos terceros con el fin de dar cumplimiento a sus obligaciones en protecci\u00f3n de datos y firma con ellos su correspondiente convenio de protecci\u00f3n de datos, donde estos terceros se obligan a cumplir con sus obligaciones en protecci\u00f3n de datos, y en concreto, a desplegar aquellas medidas de seguridad jur\u00eddicas, t\u00e9cnicas y organizativas, que resulten apropiadas para garantizar la seguridad, integridad y confidencialidad de los datos de los interesados, en relaci\u00f3n con su tratamiento para las finalidades informadas.<\/p>\n\n\n\n<p>Adicionalmente, Jim\u00e9nez Godoy S.A. podr\u00e1 revelar los datos de car\u00e1cter personal y cualquier otra informaci\u00f3n del usuario cuando le sea requerida por autoridades p\u00fablicas en el ejercicio de las funciones que tienen leg\u00edtimamente atribuidas y conforme a las disposiciones que resulten aplicables en aquellos casos en que resulte necesario.<\/p>\n\n\n\n<p>5. \u00bfSe transfieren sus datos a terceros pa\u00edses u organizaciones internacionales?<\/p>\n\n\n\n<p>No.<\/p>\n\n\n\n<p>6. \u00bfCu\u00e1nto tiempo conservaremos sus datos?<\/p>\n\n\n\n<p>Jim\u00e9nez Godoy S.A. cumplir\u00e1 lo dispuesto en la normativa vigente en cuanto al deber de supresi\u00f3n de la informaci\u00f3n personal una vez alcanzada la finalidad perseguida, o bien cuando revoque su consentimiento para el tratamiento de la misma, quedando la informaci\u00f3n debidamente bloqueada, para su puesta a disposici\u00f3n exclusiva de Jueces y Tribunales, el Ministerio Fiscal o las<\/p>\n\n\n\n<p>Administraciones P\u00fablicas competentes para la atenci\u00f3n de las posibles responsabilidades nacidas del tratamiento, y solo durante los plazos de prescripci\u00f3n de dichas responsabilidades. Una vez transcurran dichos plazos, se eliminar\u00e1 definitivamente esa informaci\u00f3n mediante m\u00e9todos seguros.<\/p>\n\n\n\n<p>7. \u00bfC\u00f3mo hemos obtenido sus datos?<\/p>\n\n\n\n<p>Los datos personales que Jim\u00e9nez Godoy S.A. trata son los datos personales aportados por usted con la utilizaci\u00f3n del formulario de contacto web as\u00ed como la informaci\u00f3n otorgada por el interesado para el ejercicio de sus derechos.<\/p>\n\n\n\n<p>8. \u00bfCu\u00e1les son sus derechos cuando nos facilita sus datos<\/p>\n\n\n\n<p>De acuerdo con lo dispuesto en la normativa aplicable en materia de protecci\u00f3n de datos, as\u00ed como en la normativa nacional en materia de protecci\u00f3n de datos, usted tiene derecho a ejercitar, si as\u00ed lo desea, los derechos de acceso, rectificaci\u00f3n y supresi\u00f3n de datos, as\u00ed como solicitar que se limite el tratamiento de sus datos personales, oponerse al mismo, solicitar la portabilidad de sus datos, as\u00ed como no ser objeto de decisiones individuales automatizadas.<\/p>\n\n\n\n<p>Adicionalmente, en caso de que el tratamiento de datos personales descrito se base en el consentimiento prestado por su parte, usted puede revocar en cualquier momento dicho consentimiento. En este sentido, cabe destacar que la revocaci\u00f3n del consentimiento prestado no afectar\u00e1 a la licitud del tratamiento realizado con anterioridad a la retirada de dicho consentimiento.<\/p>\n\n\n\n<p>Usted puede ejercitar los derechos anteriormente descritos a trav\u00e9s de los siguientes canales, aportando la documentaci\u00f3n necesaria que nos permita verificar su identidad (copia del DNI, pasaporte, NIE, etc.):<br>\u2022 Por escrito, mediante solicitud dirigida a: Carretera de Alicante, km 3, 30160, Murcia, Espa\u00f1a.<br>\u2022 Mediante correo electr\u00f3nico a la siguiente direcci\u00f3n: jimenezgodoy@jimenezgodoy.com.<\/p>\n\n\n\n<p>9. \u00bfAnte qui\u00e9n puede ejercitar sus reclamaciones?<\/p>\n\n\n\n<p>En caso de que entienda que se han visto vulnerados sus derechos en materia de protecci\u00f3n de datos o tenga cualquier reclamaci\u00f3n relativa a su informaci\u00f3n personal usted podr\u00e1 dirigirse al responsable de los datos cuya informaci\u00f3n de contacto puede encontrar en el apartado 1.<\/p>\n\n\n\n<p>En cualquier caso, los interesados siempre podr\u00e1n acudir ante la Agencia Espa\u00f1ola de Protecci\u00f3n de Datos, autoridad de control en materia de protecci\u00f3n de datos, http:\/\/www.agpd.es., C\/Jorge Juan n\u00famero 6, 28001, Madrid.<\/p>\n","protected":false},"excerpt":{"rendered":"<p>texto legal A continuaci\u00f3n, describimos el tratamiento de sus datos personales y los derechos que le asisten con arreglo a la normativa vigente de protecci\u00f3n de datos \u2013Reglamento (UE) 2016\/679 del Parlamento Europeo y del Consejo de 27 de abril de 2016, relativo a la protecci\u00f3n de las personas f\u00edsicas en lo que respecta al [&hellip;]<\/p>\n","protected":false},"author":4,"featured_media":0,"parent":0,"menu_order":0,"comment_status":"closed","ping_status":"closed","template":"","meta":{"_acf_changed":false,"inline_featured_image":false,"footnotes":""},"class_list":["post-36","page","type-page","status-publish","hentry"],"acf":[],"_links":{"self":[{"href":"https:\/\/www.jimenezgodoy.com\/fr\/wp-json\/wp\/v2\/pages\/36","targetHints":{"allow":["GET"]}}],"collection":[{"href":"https:\/\/www.jimenezgodoy.com\/fr\/wp-json\/wp\/v2\/pages"}],"about":[{"href":"https:\/\/www.jimenezgodoy.com\/fr\/wp-json\/wp\/v2\/types\/page"}],"author":[{"embeddable":true,"href":"https:\/\/www.jimenezgodoy.com\/fr\/wp-json\/wp\/v2\/users\/4"}],"replies":[{"embeddable":true,"href":"https:\/\/www.jimenezgodoy.com\/fr\/wp-json\/wp\/v2\/comments?post=36"}],"version-history":[{"count":2,"href":"https:\/\/www.jimenezgodoy.com\/fr\/wp-json\/wp\/v2\/pages\/36\/revisions"}],"predecessor-version":[{"id":4078,"href":"https:\/\/www.jimenezgodoy.com\/fr\/wp-json\/wp\/v2\/pages\/36\/revisions\/4078"}],"wp:attachment":[{"href":"https:\/\/www.jimenezgodoy.com\/fr\/wp-json\/wp\/v2\/media?parent=36"}],"curies":[{"name":"wp","href":"https:\/\/api.w.org\/{rel}","templated":true}]}}