{"id":4474,"date":"2025-07-17T14:50:57","date_gmt":"2025-07-17T14:50:57","guid":{"rendered":"https:\/\/www.jimenezgodoy.com\/es\/?page_id=4474"},"modified":"2025-07-17T14:53:54","modified_gmt":"2025-07-17T14:53:54","slug":"politica-de-privacidad-informacion-basica","status":"publish","type":"page","link":"https:\/\/www.jimenezgodoy.com\/es\/politica-de-privacidad-informacion-basica\/","title":{"rendered":"Pol\u00edtica de privacidad &#8211; Informaci\u00f3n B\u00e1sica"},"content":{"rendered":"\n<p><strong><u>INFORMACI\u00d3N B\u00c1SICA SOBRE PROTECCI\u00d3N DE DATOS<\/u><\/strong><\/p>\n\n\n\n<figure class=\"wp-block-table\"><table class=\"has-fixed-layout\"><tbody><tr><td colspan=\"2\"><strong>INFORMACI\u00d3N B\u00c1SICA SOBRE PROTECCI\u00d3N DE DATOS<\/strong><\/td><\/tr><tr><td><strong>Responsable del tratamiento<\/strong><\/td><td>Jim\u00e9nez Godoy S.A.<\/td><\/tr><tr><td><strong>Direcci\u00f3n del responsable<\/strong><\/td><td>CARRETERA DE ALICANTE KM 3 S\/N, 30160 &#8211; MONTEAGUDO&nbsp; (Murcia)<\/td><\/tr><tr><td><strong>Finalidad<\/strong><\/td><td>Sus datos ser\u00e1n usados para poder atender sus solicitudes y prestarle nuestros servicios. Asimismo, si usted nos ha facilitado su curr\u00edculum personal, sus datos personales ser\u00e1n utilizados para participar en nuestros procesos de selecci\u00f3n.<\/td><\/tr><tr><td><strong>Informaci\u00f3n de inter\u00e9s<\/strong><\/td><td>\u00danicamente le enviaremos comunicaciones de su inter\u00e9s con su autorizaci\u00f3n previa, que podr\u00e1 facilitarnos mediante la casilla correspondiente establecida al efecto.<\/td><\/tr><tr><td><strong>Legitimaci\u00f3n<\/strong><\/td><td>\u00danicamente trataremos sus datos con su consentimiento previo, que podr\u00e1 facilitarnos mediante la casilla correspondiente establecida al efecto.<\/td><\/tr><tr><td><strong>Destinatarios<\/strong><\/td><td>Con car\u00e1cter general, s\u00f3lo el personal de nuestra entidad que est\u00e9 debidamente autorizado podr\u00e1 tener conocimiento de la informaci\u00f3n que le pedimos.<\/td><\/tr><tr><td><strong>Derechos<\/strong><\/td><td>Tiene derecho a saber qu\u00e9 informaci\u00f3n tenemos sobre usted, corregirla y eliminarla, tal y como se explica en la informaci\u00f3n adicional disponible en nuestra p\u00e1gina web.<\/td><\/tr><tr><td><strong>Informaci\u00f3n adicional<\/strong><\/td><td>M\u00e1s informaci\u00f3n en el apartado <strong>\u201c<\/strong><a href=\"https:\/\/www.jimenezgodoy.com\/es\/politica-de-privacidad\/\" data-type=\"link\" data-id=\"https:\/\/www.jimenezgodoy.com\/es\/politica-de-privacidad\/\" target=\"_blank\" rel=\"noreferrer noopener\">POL\u00cdTICA DE PRIVACIDAD<\/a><strong>\u201d<\/strong> de nuestra p\u00e1gina web.<\/td><\/tr><tr><td><\/td><td>&nbsp;<\/td><\/tr><\/tbody><\/table><\/figure>\n","protected":false},"excerpt":{"rendered":"<p>INFORMACI\u00d3N B\u00c1SICA SOBRE PROTECCI\u00d3N DE DATOS INFORMACI\u00d3N B\u00c1SICA SOBRE PROTECCI\u00d3N DE DATOS Responsable del tratamiento Jim\u00e9nez Godoy S.A. Direcci\u00f3n del responsable CARRETERA DE ALICANTE KM 3 S\/N, 30160 &#8211; MONTEAGUDO&nbsp; (Murcia) Finalidad Sus datos ser\u00e1n usados para poder atender sus solicitudes y prestarle nuestros servicios. Asimismo, si usted nos ha facilitado su curr\u00edculum personal, sus [&hellip;]<\/p>\n","protected":false},"author":5,"featured_media":0,"parent":0,"menu_order":0,"comment_status":"closed","ping_status":"closed","template":"","meta":{"_acf_changed":false,"inline_featured_image":false,"footnotes":""},"class_list":["post-4474","page","type-page","status-publish","hentry"],"acf":[],"_links":{"self":[{"href":"https:\/\/www.jimenezgodoy.com\/es\/wp-json\/wp\/v2\/pages\/4474","targetHints":{"allow":["GET"]}}],"collection":[{"href":"https:\/\/www.jimenezgodoy.com\/es\/wp-json\/wp\/v2\/pages"}],"about":[{"href":"https:\/\/www.jimenezgodoy.com\/es\/wp-json\/wp\/v2\/types\/page"}],"author":[{"embeddable":true,"href":"https:\/\/www.jimenezgodoy.com\/es\/wp-json\/wp\/v2\/users\/5"}],"replies":[{"embeddable":true,"href":"https:\/\/www.jimenezgodoy.com\/es\/wp-json\/wp\/v2\/comments?post=4474"}],"version-history":[{"count":2,"href":"https:\/\/www.jimenezgodoy.com\/es\/wp-json\/wp\/v2\/pages\/4474\/revisions"}],"predecessor-version":[{"id":4477,"href":"https:\/\/www.jimenezgodoy.com\/es\/wp-json\/wp\/v2\/pages\/4474\/revisions\/4477"}],"wp:attachment":[{"href":"https:\/\/www.jimenezgodoy.com\/es\/wp-json\/wp\/v2\/media?parent=4474"}],"curies":[{"name":"wp","href":"https:\/\/api.w.org\/{rel}","templated":true}]}}