{"id":3209,"date":"2021-01-12T09:14:40","date_gmt":"2021-01-12T09:14:40","guid":{"rendered":"http:\/\/clapat-themes.com\/wordpress\/rayden\/?page_id=3209"},"modified":"2025-07-25T10:21:42","modified_gmt":"2025-07-25T10:21:42","slug":"contacto","status":"publish","type":"page","link":"https:\/\/www.jimenezgodoy.com\/es\/contacto\/","title":{"rendered":"Contact"},"content":{"rendered":"\n<div class=\"wp-block-rayden-gutenberg-container row_padding_top row_padding_bottom dark-section medium\" style=\"background-color:#ffffff;text-align:left\">\n<h2 class=\"wp-block-heading has-text-align-center has-animation font_family_caption\">\u00bfEn qu\u00e9 podemos ayudarle?<\/h2>\n\n\n\n<div style=\"height:100px\" aria-hidden=\"true\" class=\"wp-block-spacer\"><\/div>\n\n\n<div class=\"wp-block-image has-animation has-scale-vertical\">\n<figure class=\"aligncenter size-full\"><img loading=\"lazy\" decoding=\"async\" width=\"1385\" height=\"812\" src=\"https:\/\/www.jimenezgodoy.com\/es\/cms\/wp-content\/uploads\/2021\/11\/contacto.jpg\" alt=\"\" class=\"wp-image-192\" srcset=\"https:\/\/www.jimenezgodoy.com\/es\/cms\/wp-content\/uploads\/2021\/11\/contacto.jpg 1385w, https:\/\/www.jimenezgodoy.com\/es\/cms\/wp-content\/uploads\/2021\/11\/contacto-300x176.jpg 300w, https:\/\/www.jimenezgodoy.com\/es\/cms\/wp-content\/uploads\/2021\/11\/contacto-1024x600.jpg 1024w, https:\/\/www.jimenezgodoy.com\/es\/cms\/wp-content\/uploads\/2021\/11\/contacto-768x450.jpg 768w, https:\/\/www.jimenezgodoy.com\/es\/cms\/wp-content\/uploads\/2021\/11\/contacto-1080x633.jpg 1080w, https:\/\/www.jimenezgodoy.com\/es\/cms\/wp-content\/uploads\/2021\/11\/contacto-1280x750.jpg 1280w, https:\/\/www.jimenezgodoy.com\/es\/cms\/wp-content\/uploads\/2021\/11\/contacto-980x575.jpg 980w, https:\/\/www.jimenezgodoy.com\/es\/cms\/wp-content\/uploads\/2021\/11\/contacto-480x281.jpg 480w\" sizes=\"auto, (max-width: 1385px) 100vw, 1385px\" \/><\/figure>\n<\/div>\n\n\n<div style=\"height:100px\" aria-hidden=\"true\" class=\"wp-block-spacer\"><\/div>\n\n\n\n<p><\/p>\n<\/div>\n\n\n\n<div class=\"wp-block-columns addr_cols is-layout-flex wp-container-core-columns-is-layout-9d6595d7 wp-block-columns-is-layout-flex\">\n<div class=\"wp-block-column is-layout-flow wp-block-column-is-layout-flow\">\n<h5 class=\"wp-block-heading has-text-align-center\">Email<\/h5>\n\n\n\n<p class=\"has-text-align-center\"><a href=\"mailto:contacto@jimenezgodoy.com\">contacto@jimenezgodoy.com<\/a><\/p>\n<\/div>\n\n\n\n<div class=\"wp-block-column is-layout-flow wp-block-column-is-layout-flow\">\n<h5 class=\"wp-block-heading has-text-align-center\"><strong>Direcci\u00f3n<\/strong><\/h5>\n\n\n\n<p class=\"has-text-align-center\">Ctra. de Alicante, Km. 3<br>30160 Murcia<\/p>\n<\/div>\n\n\n\n<div class=\"wp-block-column is-layout-flow wp-block-column-is-layout-flow\">\n<h5 class=\"wp-block-heading has-text-align-center\"><strong>Tel\u00e9fono<\/strong><\/h5>\n\n\n\n<p class=\"has-text-align-center\">+34 968 85 04 00<\/p>\n<\/div>\n<\/div>\n\n\n\n<div style=\"height:100px\" aria-hidden=\"true\" class=\"wp-block-spacer\"><\/div>\n\n\n\n<div class=\"wp-block-rayden-gutenberg-container full\" style=\"background-color:#ffffff;text-align:left\">\n<h5 class=\"wp-block-heading has-text-align-center has-mask secondary-font style_color_grey\">Contacte con nosotros<\/h5>\n\n\n\n<h3 class=\"wp-block-heading has-text-align-center has-animation font_family_caption contact_us_caption has-black-color has-text-color\">D\u00e9jenos sus datos, y nos pondremos en contacto con usted para darle una informaci\u00f3n m\u00e1s completa.<\/h3>\n<\/div>\n\n\n\n<div class=\"wp-block-rayden-gutenberg-container row_padding_top text-align-center\" style=\"background-color:transparent;text-align:center\">\n<div style=\"height:30px\" aria-hidden=\"true\" class=\"wp-block-spacer\"><\/div>\n\n\n\n<div class=\"wp-block-contact-form-7-contact-form-selector text-align-center\">\n<div class=\"wpcf7 no-js\" id=\"wpcf7-f3516-o1\" lang=\"en-US\" dir=\"ltr\" data-wpcf7-id=\"3516\">\n<div class=\"screen-reader-response\"><p role=\"status\" aria-live=\"polite\" aria-atomic=\"true\"><\/p> <ul><\/ul><\/div>\n<form action=\"\/es\/wp-json\/wp\/v2\/pages\/3209#wpcf7-f3516-o1\" method=\"post\" class=\"wpcf7-form init\" aria-label=\"Contact form\" novalidate=\"novalidate\" data-status=\"init\">\n<fieldset class=\"hidden-fields-container\"><input type=\"hidden\" name=\"_wpcf7\" value=\"3516\" \/><input type=\"hidden\" name=\"_wpcf7_version\" value=\"6.1.5\" \/><input type=\"hidden\" name=\"_wpcf7_locale\" value=\"en_US\" \/><input type=\"hidden\" name=\"_wpcf7_unit_tag\" value=\"wpcf7-f3516-o1\" \/><input type=\"hidden\" name=\"_wpcf7_container_post\" value=\"0\" \/><input type=\"hidden\" name=\"_wpcf7_posted_data_hash\" value=\"\" \/>\n<\/fieldset>\n<div id=\"contact-formular\" class=\"disable-drag\">\n\t<div class=\"name-box has-animation\">\n\t\t<p><span class=\"wpcf7-form-control-wrap\" data-name=\"your-name\"><input size=\"40\" maxlength=\"400\" class=\"wpcf7-form-control wpcf7-text wpcf7-validates-as-required\" aria-required=\"true\" aria-invalid=\"false\" placeholder=\"Nombre\" value=\"\" type=\"text\" name=\"your-name\" \/><\/span>\n\t\t<\/p>\n\t<\/div>\n\t<div class=\"email-box has-animation\">\n\t\t<p><span class=\"wpcf7-form-control-wrap\" data-name=\"your-email\"><input size=\"40\" maxlength=\"400\" class=\"wpcf7-form-control wpcf7-email wpcf7-validates-as-required wpcf7-text wpcf7-validates-as-email\" aria-required=\"true\" aria-invalid=\"false\" placeholder=\"E-mail\" value=\"\" type=\"email\" name=\"your-email\" \/><\/span>\n\t\t<\/p>\n\t<\/div>\n\t<div class=\"message-box has-animation\">\n\t\t<p><span class=\"wpcf7-form-control-wrap\" data-name=\"msg\"><textarea cols=\"40\" rows=\"10\" maxlength=\"2000\" class=\"wpcf7-form-control wpcf7-textarea wpcf7-validates-as-required\" aria-required=\"true\" aria-invalid=\"false\" placeholder=\"Mensaje\" name=\"msg\"><\/textarea><\/span>\n\t\t<\/p>\n\t<\/div>\n<hr \/>\n\n <!-- Casilla de consentimiento para publicidad -->\n\t<div class=\"consent-box has-animation\" data-delay=\"50\">\n\t\t<p><span class=\"wpcf7-form-control-wrap\" data-name=\"publicidad\"><span class=\"wpcf7-form-control wpcf7-checkbox\"><span class=\"wpcf7-list-item first last\"><label><input type=\"checkbox\" name=\"publicidad[]\" value=\"Acepto recibir comunicaciones comerciales y promocionales.\" \/><span class=\"wpcf7-list-item-label\">Acepto recibir comunicaciones comerciales y promocionales.<\/span><\/label><\/span><\/span><\/span>\n\t\t<\/p>\n\t<\/div>\n\n <!-- Casilla de consentimiento de privacidad -->\n\t<div class=\"consent-box has-animation\" data-delay=\"52\">\n\t\t<p><span class=\"wpcf7-form-control-wrap\" data-name=\"privacidad\"><span class=\"wpcf7-form-control wpcf7-checkbox wpcf7-validates-as-required\"><span class=\"wpcf7-list-item first last\"><label><input type=\"checkbox\" name=\"privacidad[]\" value=\"He le\u00eddo y acepto la pol\u00edtica de privacidad.\" \/><span class=\"wpcf7-list-item-label\">He le\u00eddo y acepto la pol\u00edtica de privacidad.<\/span><\/label><\/span><\/span><\/span>\n\t\t<\/p>\n\t<\/div>\n\t<div class=\"privacy-link has-animation\" data-delay=\"55\">\n\t\t<p><small>Consulta nuestra pol\u00edtica de privacidad <a href=\"\/es\/politica-de-privacidad-informacion-basica\/\" target=\"_blank\">aqu\u00ed<\/a>.<\/small>\n\t\t<\/p>\n\t<\/div>\n\t<div class=\"button-box has-animation\" data-delay=\"100\">\n\t\t<div class=\"clapat-button-wrap circle parallax-wrap bigger\">\n\t\t\t<div class=\"clapat-button parallax-element\">\n\t\t\t\t<div class=\"button-border outline parallax-element-second\">\n\t\t\t\t\t<p><input class=\"wpcf7-form-control wpcf7-submit has-spinner\" type=\"submit\" value=\"Enviar\" \/>\n\t\t\t\t\t<\/p>\n\t\t\t\t<\/div>\n\t\t\t<\/div>\n\t\t<\/div>\n\t<\/div>\n<\/div><div class=\"wpcf7-response-output\" aria-hidden=\"true\"><\/div>\n<\/form>\n<\/div>\n<\/div>\n<\/div>\n\n\n\n<p><\/p>\n\n\n\n<p><\/p>\n\n\n\n<div class=\"wp-block-rayden-gutenberg-container full\" style=\"background-color:#ffffff;text-align:left\">\n<div class=\"wp-block-rayden-gutenberg-container row_padding_top row_padding_bottom dark-section medium\" style=\"background-color:#ffffff;text-align:left\">\n<h1 class=\"wp-block-heading has-text-align-center has-animation font_family_caption work_with_us_caption\" style=\"font-size:60px\">Trabaje <meta charset=\"utf-8\">con nosotros<\/h1>\n\n\n\n<div style=\"height:35px\" aria-hidden=\"true\" class=\"wp-block-spacer\"><\/div>\n\n\n\n<h3 class=\"wp-block-heading has-text-align-center has-animation font_family_caption\">\u00danase a nuestro equipo<\/h3>\n\n\n\n<div style=\"height:40px\" aria-hidden=\"true\" class=\"wp-block-spacer\"><\/div>\n\n\n<div class=\"wp-block-image has-animation has-scale-vertical\">\n<figure class=\"aligncenter size-full\"><img loading=\"lazy\" decoding=\"async\" width=\"1385\" height=\"812\" src=\"https:\/\/www.jimenezgodoy.com\/es\/cms\/wp-content\/uploads\/2021\/11\/unete.jpg\" alt=\"\" class=\"wp-image-3693\" srcset=\"https:\/\/www.jimenezgodoy.com\/es\/cms\/wp-content\/uploads\/2021\/11\/unete.jpg 1385w, https:\/\/www.jimenezgodoy.com\/es\/cms\/wp-content\/uploads\/2021\/11\/unete-300x176.jpg 300w, https:\/\/www.jimenezgodoy.com\/es\/cms\/wp-content\/uploads\/2021\/11\/unete-1024x600.jpg 1024w, https:\/\/www.jimenezgodoy.com\/es\/cms\/wp-content\/uploads\/2021\/11\/unete-768x450.jpg 768w\" sizes=\"auto, (max-width: 1385px) 100vw, 1385px\" \/><\/figure>\n<\/div>\n\n\n<div class=\"wp-block-rayden-gutenberg-container\" style=\"background-color:#ffffff;padding-left:10px;padding-right:10px;text-align:left\">\n<div class=\"wp-block-rayden-gutenberg-container\" style=\"background-color:#ffffff;padding-bottom:30px;text-align:left\"><\/div>\n\n\n\n<h3 class=\"wp-block-heading has-text-align-center has-animation font_family_caption work_with_us_sub_caption has-black-color has-text-color\">Si quiere formar parte de un equipo de trabajo din\u00e1mico e involucrado con los proyectos que llevamos a cabo, rellene el formulario y adjunte su Curriculum Vitae<\/h3>\n\n\n\n<h5 class=\"wp-block-heading has-text-align-center has-mask secondary-font font_style_grey\">Todos los datos personales facilitados, ser\u00e1n tratados con la m\u00e1xima confidencialidad y seg\u00fan las normas vigentes de protecci\u00f3n de datos<\/h5>\n\n\n\n<div style=\"height:100px\" aria-hidden=\"true\" class=\"wp-block-spacer\"><\/div>\n<\/div>\n\n\n\n<div class=\"wp-block-rayden-gutenberg-container row_padding_top text-align-center\" style=\"background-color:transparent;text-align:center\">\n<h3 class=\"wp-block-heading has-text-align-left has-animation font_family_caption has-black-color has-text-color\"><meta charset=\"utf-8\">Operario<\/h3>\n\n\n\n<div class=\"wp-block-contact-form-7-contact-form-selector\">\n<div class=\"wpcf7 no-js\" id=\"wpcf7-f3926-o2\" lang=\"es-ES\" dir=\"ltr\" data-wpcf7-id=\"3926\">\n<div class=\"screen-reader-response\"><p role=\"status\" aria-live=\"polite\" aria-atomic=\"true\"><\/p> <ul><\/ul><\/div>\n<form action=\"\/es\/wp-json\/wp\/v2\/pages\/3209#wpcf7-f3926-o2\" method=\"post\" class=\"wpcf7-form init\" aria-label=\"Formulario de contacto\" enctype=\"multipart\/form-data\" novalidate=\"novalidate\" data-status=\"init\">\n<fieldset class=\"hidden-fields-container\"><input type=\"hidden\" name=\"_wpcf7\" value=\"3926\" \/><input type=\"hidden\" name=\"_wpcf7_version\" value=\"6.1.5\" \/><input type=\"hidden\" name=\"_wpcf7_locale\" value=\"es_ES\" \/><input type=\"hidden\" name=\"_wpcf7_unit_tag\" value=\"wpcf7-f3926-o2\" \/><input type=\"hidden\" name=\"_wpcf7_container_post\" value=\"0\" \/><input type=\"hidden\" name=\"_wpcf7_posted_data_hash\" value=\"\" \/>\n<\/fieldset>\n<div id=\"contact-formular\" class=\"disable-drag\">\n\t<div class=\"name-box has-animation\">\n\t\t<p><span class=\"wpcf7-form-control-wrap\" data-name=\"your-name\"><input size=\"40\" maxlength=\"400\" class=\"wpcf7-form-control wpcf7-text wpcf7-validates-as-required\" aria-required=\"true\" aria-invalid=\"false\" placeholder=\"Nombre\" value=\"\" type=\"text\" name=\"your-name\" \/><\/span>\n\t\t<\/p>\n\t<\/div>\n\t<div class=\"email-box has-animation\">\n\t\t<p><span class=\"wpcf7-form-control-wrap\" data-name=\"your-email\"><input size=\"40\" maxlength=\"400\" class=\"wpcf7-form-control wpcf7-email wpcf7-validates-as-required wpcf7-text wpcf7-validates-as-email\" aria-required=\"true\" aria-invalid=\"false\" placeholder=\"E-mail\" value=\"\" type=\"email\" name=\"your-email\" \/><\/span>\n\t\t<\/p>\n\t<\/div>\n\t<div class=\"message-box has-animation\">\n\t\t<p><span class=\"wpcf7-form-control-wrap\" data-name=\"msg\"><textarea cols=\"40\" rows=\"10\" maxlength=\"2000\" class=\"wpcf7-form-control wpcf7-textarea wpcf7-validates-as-required\" aria-required=\"true\" aria-invalid=\"false\" placeholder=\"Mensaje\" name=\"msg\"><\/textarea><\/span>\n\t\t<\/p>\n\t<\/div>\n\t<div class=\"name-box has-animation\">\n\t\t<p><span class=\"wpcf7-form-control-wrap\" data-name=\"file_cv\"><input size=\"40\" class=\"wpcf7-form-control wpcf7-file wpcf7-validates-as-required\" accept=\".pdf,.doc,.docx\" aria-required=\"true\" aria-invalid=\"false\" type=\"file\" name=\"file_cv\" \/><\/span>\n\t\t<\/p>\n\t<\/div>\n<hr \/>\n\n\n<!-- Casilla de consentimiento para publicidad -->\n\t<div class=\"consent-box has-animation\" data-delay=\"50\">\n\t\t<p><span class=\"wpcf7-form-control-wrap\" data-name=\"publicidad\"><span class=\"wpcf7-form-control wpcf7-checkbox\"><span class=\"wpcf7-list-item first last\"><label><input type=\"checkbox\" name=\"publicidad[]\" value=\"Acepto recibir comunicaciones comerciales y promocionales.\" \/><span class=\"wpcf7-list-item-label\">Acepto recibir comunicaciones comerciales y promocionales.<\/span><\/label><\/span><\/span><\/span>\n\t\t<\/p>\n\t<\/div>\n\t<div class=\"consent-box has-animation\" data-delay=\"52\">\n\t\t<p><span class=\"wpcf7-form-control-wrap\" data-name=\"consentimiento\"><span class=\"wpcf7-form-control wpcf7-checkbox wpcf7-validates-as-required\"><span class=\"wpcf7-list-item first last\"><label><input type=\"checkbox\" name=\"consentimiento[]\" value=\"He le\u00eddo y acepto la pol\u00edtica de privacidad.\" \/><span class=\"wpcf7-list-item-label\">He le\u00eddo y acepto la pol\u00edtica de privacidad.<\/span><\/label><\/span><\/span><\/span>\n\t\t<\/p>\n\t<\/div>\n\t<div class=\"privacy-link has-animation\" data-delay=\"55\">\n\t\t<p><small>Consulta nuestra pol\u00edtica de privacidad <a href=\"\/es\/politica-de-privacidad-informacion-basica\/\" target=\"_blank\">aqu\u00ed<\/a>.<\/small>\n\t\t<\/p>\n\t<\/div>\n\t<div class=\"button-box has-animation\" data-delay=\"100\">\n\t\t<div class=\"clapat-button-wrap circle parallax-wrap bigger\">\n\t\t\t<div class=\"clapat-button parallax-element\">\n\t\t\t\t<div class=\"button-border outline parallax-element-second\">\n\t\t\t\t\t<p><input class=\"wpcf7-form-control wpcf7-submit has-spinner\" type=\"submit\" value=\"Enviar\" \/>\n\t\t\t\t\t<\/p>\n\t\t\t\t<\/div>\n\t\t\t<\/div>\n\t\t<\/div>\n\t<\/div>\n<\/div><div class=\"wpcf7-response-output\" aria-hidden=\"true\"><\/div>\n<\/form>\n<\/div>\n<\/div>\n\n\n\n<p><\/p>\n\n\n\n<div style=\"height:100px\" aria-hidden=\"true\" class=\"wp-block-spacer\"><\/div>\n\n\n\n<p><\/p>\n\n\n\n<h3 class=\"wp-block-heading has-text-align-left has-animation font_family_caption has-black-color has-text-color\">Comercial<\/h3>\n\n\n\n<div class=\"wp-block-contact-form-7-contact-form-selector\">\n<div class=\"wpcf7 no-js\" id=\"wpcf7-f3926-o3\" lang=\"es-ES\" dir=\"ltr\" data-wpcf7-id=\"3926\">\n<div class=\"screen-reader-response\"><p role=\"status\" aria-live=\"polite\" aria-atomic=\"true\"><\/p> <ul><\/ul><\/div>\n<form action=\"\/es\/wp-json\/wp\/v2\/pages\/3209#wpcf7-f3926-o3\" method=\"post\" class=\"wpcf7-form init\" aria-label=\"Formulario de contacto\" enctype=\"multipart\/form-data\" novalidate=\"novalidate\" data-status=\"init\">\n<fieldset class=\"hidden-fields-container\"><input type=\"hidden\" name=\"_wpcf7\" value=\"3926\" \/><input type=\"hidden\" name=\"_wpcf7_version\" value=\"6.1.5\" \/><input type=\"hidden\" name=\"_wpcf7_locale\" value=\"es_ES\" \/><input type=\"hidden\" name=\"_wpcf7_unit_tag\" value=\"wpcf7-f3926-o3\" \/><input type=\"hidden\" name=\"_wpcf7_container_post\" value=\"0\" \/><input type=\"hidden\" name=\"_wpcf7_posted_data_hash\" value=\"\" \/>\n<\/fieldset>\n<div id=\"contact-formular\" class=\"disable-drag\">\n\t<div class=\"name-box has-animation\">\n\t\t<p><span class=\"wpcf7-form-control-wrap\" data-name=\"your-name\"><input size=\"40\" maxlength=\"400\" class=\"wpcf7-form-control wpcf7-text wpcf7-validates-as-required\" aria-required=\"true\" aria-invalid=\"false\" placeholder=\"Nombre\" value=\"\" type=\"text\" name=\"your-name\" \/><\/span>\n\t\t<\/p>\n\t<\/div>\n\t<div class=\"email-box has-animation\">\n\t\t<p><span class=\"wpcf7-form-control-wrap\" data-name=\"your-email\"><input size=\"40\" maxlength=\"400\" class=\"wpcf7-form-control wpcf7-email wpcf7-validates-as-required wpcf7-text wpcf7-validates-as-email\" aria-required=\"true\" aria-invalid=\"false\" placeholder=\"E-mail\" value=\"\" type=\"email\" name=\"your-email\" \/><\/span>\n\t\t<\/p>\n\t<\/div>\n\t<div class=\"message-box has-animation\">\n\t\t<p><span class=\"wpcf7-form-control-wrap\" data-name=\"msg\"><textarea cols=\"40\" rows=\"10\" maxlength=\"2000\" class=\"wpcf7-form-control wpcf7-textarea wpcf7-validates-as-required\" aria-required=\"true\" aria-invalid=\"false\" placeholder=\"Mensaje\" name=\"msg\"><\/textarea><\/span>\n\t\t<\/p>\n\t<\/div>\n\t<div class=\"name-box has-animation\">\n\t\t<p><span class=\"wpcf7-form-control-wrap\" data-name=\"file_cv\"><input size=\"40\" class=\"wpcf7-form-control wpcf7-file wpcf7-validates-as-required\" accept=\".pdf,.doc,.docx\" aria-required=\"true\" aria-invalid=\"false\" type=\"file\" name=\"file_cv\" \/><\/span>\n\t\t<\/p>\n\t<\/div>\n<hr \/>\n\n\n<!-- Casilla de consentimiento para publicidad -->\n\t<div class=\"consent-box has-animation\" data-delay=\"50\">\n\t\t<p><span class=\"wpcf7-form-control-wrap\" data-name=\"publicidad\"><span class=\"wpcf7-form-control wpcf7-checkbox\"><span class=\"wpcf7-list-item first last\"><label><input type=\"checkbox\" name=\"publicidad[]\" value=\"Acepto recibir comunicaciones comerciales y promocionales.\" \/><span class=\"wpcf7-list-item-label\">Acepto recibir comunicaciones comerciales y promocionales.<\/span><\/label><\/span><\/span><\/span>\n\t\t<\/p>\n\t<\/div>\n\t<div class=\"consent-box has-animation\" data-delay=\"52\">\n\t\t<p><span class=\"wpcf7-form-control-wrap\" data-name=\"consentimiento\"><span class=\"wpcf7-form-control wpcf7-checkbox wpcf7-validates-as-required\"><span class=\"wpcf7-list-item first last\"><label><input type=\"checkbox\" name=\"consentimiento[]\" value=\"He le\u00eddo y acepto la pol\u00edtica de privacidad.\" \/><span class=\"wpcf7-list-item-label\">He le\u00eddo y acepto la pol\u00edtica de privacidad.<\/span><\/label><\/span><\/span><\/span>\n\t\t<\/p>\n\t<\/div>\n\t<div class=\"privacy-link has-animation\" data-delay=\"55\">\n\t\t<p><small>Consulta nuestra pol\u00edtica de privacidad <a href=\"\/es\/politica-de-privacidad-informacion-basica\/\" target=\"_blank\">aqu\u00ed<\/a>.<\/small>\n\t\t<\/p>\n\t<\/div>\n\t<div class=\"button-box has-animation\" data-delay=\"100\">\n\t\t<div class=\"clapat-button-wrap circle parallax-wrap bigger\">\n\t\t\t<div class=\"clapat-button parallax-element\">\n\t\t\t\t<div class=\"button-border outline parallax-element-second\">\n\t\t\t\t\t<p><input class=\"wpcf7-form-control wpcf7-submit has-spinner\" type=\"submit\" value=\"Enviar\" \/>\n\t\t\t\t\t<\/p>\n\t\t\t\t<\/div>\n\t\t\t<\/div>\n\t\t<\/div>\n\t<\/div>\n<\/div><div class=\"wpcf7-response-output\" aria-hidden=\"true\"><\/div>\n<\/form>\n<\/div>\n<\/div>\n\n\n\n<div style=\"height:100px\" aria-hidden=\"true\" class=\"wp-block-spacer\"><\/div>\n<\/div>\n\n\n\n<div style=\"height:100px\" aria-hidden=\"true\" class=\"wp-block-spacer\"><\/div>\n<\/div>\n<\/div>\n","protected":false},"excerpt":{"rendered":"<p>Email contacto@jimenezgodoy.com Direcci\u00f3n Ctra. de Alicante, Km. 330160 Murcia Tel\u00e9fono +34 968 85 04 00<\/p>\n","protected":false},"author":5,"featured_media":0,"parent":0,"menu_order":0,"comment_status":"closed","ping_status":"closed","template":"","meta":{"_acf_changed":false,"inline_featured_image":false,"footnotes":""},"class_list":["post-3209","page","type-page","status-publish","hentry"],"acf":[],"_links":{"self":[{"href":"https:\/\/www.jimenezgodoy.com\/es\/wp-json\/wp\/v2\/pages\/3209","targetHints":{"allow":["GET"]}}],"collection":[{"href":"https:\/\/www.jimenezgodoy.com\/es\/wp-json\/wp\/v2\/pages"}],"about":[{"href":"https:\/\/www.jimenezgodoy.com\/es\/wp-json\/wp\/v2\/types\/page"}],"author":[{"embeddable":true,"href":"https:\/\/www.jimenezgodoy.com\/es\/wp-json\/wp\/v2\/users\/5"}],"replies":[{"embeddable":true,"href":"https:\/\/www.jimenezgodoy.com\/es\/wp-json\/wp\/v2\/comments?post=3209"}],"version-history":[{"count":73,"href":"https:\/\/www.jimenezgodoy.com\/es\/wp-json\/wp\/v2\/pages\/3209\/revisions"}],"predecessor-version":[{"id":4479,"href":"https:\/\/www.jimenezgodoy.com\/es\/wp-json\/wp\/v2\/pages\/3209\/revisions\/4479"}],"wp:attachment":[{"href":"https:\/\/www.jimenezgodoy.com\/es\/wp-json\/wp\/v2\/media?parent=3209"}],"curies":[{"name":"wp","href":"https:\/\/api.w.org\/{rel}","templated":true}]}}